{"id":1407,"date":"2019-10-31T11:32:43","date_gmt":"2019-10-31T10:32:43","guid":{"rendered":"https:\/\/vero.se\/?page_id=1407"},"modified":"2020-09-17T15:04:40","modified_gmt":"2020-09-17T14:04:40","slug":"kontakt","status":"publish","type":"page","link":"https:\/\/vero.se\/en\/kontakt\/","title":{"rendered":"Contact"},"content":{"rendered":"<div data-elementor-type=\"wp-page\" data-elementor-id=\"1407\" class=\"elementor elementor-1407\" data-elementor-post-type=\"page\">\n\t\t\t\t\t\t<section class=\"elementor-section elementor-top-section elementor-element elementor-element-56974970 elementor-section-full_width elementor-section-height-default elementor-section-height-default\" data-id=\"56974970\" data-element_type=\"section\" data-settings=\"{&quot;sticky&quot;:&quot;top&quot;,&quot;background_background&quot;:&quot;classic&quot;,&quot;sticky_effects_offset&quot;:100,&quot;sticky_on&quot;:[&quot;desktop&quot;,&quot;tablet&quot;,&quot;mobile&quot;],&quot;sticky_offset&quot;:0,&quot;sticky_anchor_link_offset&quot;:0}\">\n\t\t\t\t\t\t<div class=\"elementor-container elementor-column-gap-no\">\n\t\t\t\t\t<div class=\"elementor-column elementor-col-50 elementor-top-column elementor-element elementor-element-3fbd0a74\" data-id=\"3fbd0a74\" data-element_type=\"column\">\n\t\t\t<div class=\"elementor-widget-wrap elementor-element-populated\">\n\t\t\t\t\t\t<div class=\"elementor-element elementor-element-b81b578 elementor-widget elementor-widget-image\" data-id=\"b81b578\" data-element_type=\"widget\" data-widget_type=\"image.default\">\n\t\t\t\t<div class=\"elementor-widget-container\">\n\t\t\t\t\t\t\t\t\t\t\t\t\t\t\t\t<a href=\"\/en\/vero\/\">\n\t\t\t\t\t\t\t<img fetchpriority=\"high\" decoding=\"async\" width=\"1600\" height=\"241\" src=\"https:\/\/vero.se\/wp-content\/uploads\/2019\/09\/Vero_logotyp_vit.png\" class=\"attachment-full size-full wp-image-74\" alt=\"\" srcset=\"https:\/\/vero.se\/wp-content\/uploads\/2019\/09\/Vero_logotyp_vit.png 1600w, https:\/\/vero.se\/wp-content\/uploads\/2019\/09\/Vero_logotyp_vit-300x45.png 300w, https:\/\/vero.se\/wp-content\/uploads\/2019\/09\/Vero_logotyp_vit-768x116.png 768w, https:\/\/vero.se\/wp-content\/uploads\/2019\/09\/Vero_logotyp_vit-1024x154.png 1024w\" sizes=\"(max-width: 1600px) 100vw, 1600px\" \/>\t\t\t\t\t\t\t\t<\/a>\n\t\t\t\t\t\t\t\t\t\t\t\t\t\t\t<\/div>\n\t\t\t\t<\/div>\n\t\t\t\t\t<\/div>\n\t\t<\/div>\n\t\t\t\t<div class=\"elementor-column elementor-col-50 elementor-top-column elementor-element elementor-element-402ba01b\" data-id=\"402ba01b\" data-element_type=\"column\">\n\t\t\t<div class=\"elementor-widget-wrap elementor-element-populated\">\n\t\t\t\t\t\t<div class=\"elementor-element elementor-element-17c5d1c1 elementor-nav-menu__align-end elementor-nav-menu__text-align-center elementor-widget__width-inherit elementor-nav-menu--stretch elementor-nav-menu--dropdown-tablet elementor-nav-menu--toggle elementor-nav-menu--burger elementor-widget elementor-widget-nav-menu\" data-id=\"17c5d1c1\" data-element_type=\"widget\" data-settings=\"{&quot;full_width&quot;:&quot;stretch&quot;,&quot;sticky&quot;:&quot;top&quot;,&quot;layout&quot;:&quot;horizontal&quot;,&quot;submenu_icon&quot;:{&quot;value&quot;:&quot;&lt;i class=\\&quot;fas fa-caret-down\\&quot; aria-hidden=\\&quot;true\\&quot;&gt;&lt;\\\/i&gt;&quot;,&quot;library&quot;:&quot;fa-solid&quot;},&quot;toggle&quot;:&quot;burger&quot;,&quot;sticky_on&quot;:[&quot;desktop&quot;,&quot;tablet&quot;,&quot;mobile&quot;],&quot;sticky_offset&quot;:0,&quot;sticky_effects_offset&quot;:0,&quot;sticky_anchor_link_offset&quot;:0}\" data-widget_type=\"nav-menu.default\">\n\t\t\t\t<div class=\"elementor-widget-container\">\n\t\t\t\t\t\t\t\t<nav aria-label=\"Menu\" class=\"elementor-nav-menu--main elementor-nav-menu__container elementor-nav-menu--layout-horizontal e--pointer-none\">\n\t\t\t\t<ul id=\"menu-1-17c5d1c1\" class=\"elementor-nav-menu\"><li class=\"menu-item menu-item-type-post_type menu-item-object-page menu-item-33\"><a href=\"https:\/\/vero.se\/en\/om-vero\/\" class=\"elementor-item menu-link\">About Vero<\/a><\/li>\n<li class=\"menu-item menu-item-type-post_type menu-item-object-page menu-item-32\"><a href=\"https:\/\/vero.se\/en\/tjanster\/\" class=\"elementor-item menu-link\">Services<\/a><\/li>\n<li class=\"menu-item menu-item-type-post_type menu-item-object-page menu-item-31\"><a href=\"https:\/\/vero.se\/en\/medarbetare\/\" class=\"elementor-item menu-link\">Our team<\/a><\/li>\n<li class=\"menu-item menu-item-type-custom menu-item-object-custom menu-item-494\"><a href=\"#elementor-action%3Aaction%3Dpopup%3Aopen%26settings%3DeyJpZCI6IjM3MyIsInRvZ2dsZSI6ZmFsc2V9\" class=\"elementor-item elementor-item-anchor menu-link\">Contact<\/a><\/li>\n<li class=\"trp-language-switcher-container menu-item menu-item-type-post_type menu-item-object-language_switcher current-language-menu-item menu-item-3408\"><a href=\"https:\/\/vero.se\/en\/wp-json\/wp\/v2\/pages\/1407\" class=\"elementor-item elementor-item-anchor menu-link\"><span data-no-translation><span class=\"trp-ls-language-name\">Swedish<\/span><\/span><\/a><\/li>\n<\/ul>\t\t\t<\/nav>\n\t\t\t\t\t<div class=\"elementor-menu-toggle\" role=\"button\" tabindex=\"0\" aria-label=\"Menu Toggle\" aria-expanded=\"false\">\n\t\t\t<i aria-hidden=\"true\" role=\"presentation\" class=\"elementor-menu-toggle__icon--open eicon-menu-bar\"><\/i><i aria-hidden=\"true\" role=\"presentation\" class=\"elementor-menu-toggle__icon--close eicon-close\"><\/i>\t\t<\/div>\n\t\t\t\t\t<nav class=\"elementor-nav-menu--dropdown elementor-nav-menu__container\" aria-hidden=\"true\">\n\t\t\t\t<ul id=\"menu-2-17c5d1c1\" class=\"elementor-nav-menu\"><li class=\"menu-item menu-item-type-post_type menu-item-object-page menu-item-33\"><a href=\"https:\/\/vero.se\/en\/om-vero\/\" class=\"elementor-item menu-link\" tabindex=\"-1\">About Vero<\/a><\/li>\n<li class=\"menu-item menu-item-type-post_type menu-item-object-page menu-item-32\"><a href=\"https:\/\/vero.se\/en\/tjanster\/\" class=\"elementor-item menu-link\" tabindex=\"-1\">Services<\/a><\/li>\n<li class=\"menu-item menu-item-type-post_type menu-item-object-page menu-item-31\"><a href=\"https:\/\/vero.se\/en\/medarbetare\/\" class=\"elementor-item menu-link\" tabindex=\"-1\">Our team<\/a><\/li>\n<li class=\"menu-item menu-item-type-custom menu-item-object-custom menu-item-494\"><a href=\"#elementor-action%3Aaction%3Dpopup%3Aopen%26settings%3DeyJpZCI6IjM3MyIsInRvZ2dsZSI6ZmFsc2V9\" class=\"elementor-item elementor-item-anchor menu-link\" tabindex=\"-1\">Contact<\/a><\/li>\n<li class=\"trp-language-switcher-container menu-item menu-item-type-post_type menu-item-object-language_switcher current-language-menu-item menu-item-3408\"><a href=\"https:\/\/vero.se\/en\/wp-json\/wp\/v2\/pages\/1407\" class=\"elementor-item elementor-item-anchor menu-link\" tabindex=\"-1\"><span data-no-translation><span class=\"trp-ls-language-name\">Swedish<\/span><\/span><\/a><\/li>\n<\/ul>\t\t\t<\/nav>\n\t\t\t\t\t\t<\/div>\n\t\t\t\t<\/div>\n\t\t\t\t\t<\/div>\n\t\t<\/div>\n\t\t\t\t\t<\/div>\n\t\t<\/section>\n\t\t\t\t<section class=\"elementor-section elementor-top-section elementor-element elementor-element-2a3de8c8 elementor-section-full_width elementor-section-height-default elementor-section-height-default\" data-id=\"2a3de8c8\" data-element_type=\"section\" data-settings=\"{&quot;background_background&quot;:&quot;classic&quot;}\">\n\t\t\t\t\t\t<div class=\"elementor-container elementor-column-gap-default\">\n\t\t\t\t\t<div class=\"elementor-column elementor-col-100 elementor-top-column elementor-element elementor-element-7368809d\" data-id=\"7368809d\" data-element_type=\"column\">\n\t\t\t<div class=\"elementor-widget-wrap elementor-element-populated\">\n\t\t\t\t\t\t<div class=\"elementor-element elementor-element-7b6ac805 elementor-widget elementor-widget-text-editor\" data-id=\"7b6ac805\" data-element_type=\"widget\" data-widget_type=\"text-editor.default\">\n\t\t\t\t<div class=\"elementor-widget-container\">\n\t\t\t\t\t\t\t\t\tDet verkar som att n\u00e5got gick snett, vi misst\u00e4nker att du<br>letade efter&#8230;\t\t\t\t\t\t\t\t<\/div>\n\t\t\t\t<\/div>\n\t\t\t\t<div class=\"elementor-element elementor-element-889cdb4 elementor-align-center elementor-widget elementor-widget-button\" data-id=\"889cdb4\" data-element_type=\"widget\" data-widget_type=\"button.default\">\n\t\t\t\t<div class=\"elementor-widget-container\">\n\t\t\t\t\t\t\t\t\t<div class=\"elementor-button-wrapper\">\n\t\t\t\t\t<a class=\"elementor-button elementor-button-link elementor-size-md\" href=\"#elementor-action%3Aaction%3Dpopup%3Aopen%26settings%3DeyJpZCI6IjM3MyIsInRvZ2dsZSI6ZmFsc2V9\">\n\t\t\t\t\t\t<span class=\"elementor-button-content-wrapper\">\n\t\t\t\t\t\t\t\t\t<span class=\"elementor-button-text\">Contact<\/span>\n\t\t\t\t\t<\/span>\n\t\t\t\t\t<\/a>\n\t\t\t\t<\/div>\n\t\t\t\t\t\t\t\t<\/div>\n\t\t\t\t<\/div>\n\t\t\t\t\t<\/div>\n\t\t<\/div>\n\t\t\t\t\t<\/div>\n\t\t<\/section>\n\t\t\t\t<footer class=\"elementor-section elementor-top-section elementor-element elementor-element-3daf5b02 elementor-section-boxed elementor-section-height-default elementor-section-height-default\" data-id=\"3daf5b02\" data-element_type=\"section\" data-settings=\"{&quot;background_background&quot;:&quot;classic&quot;}\">\n\t\t\t\t\t\t\t<div class=\"elementor-background-overlay\"><\/div>\n\t\t\t\t\t\t\t<div class=\"elementor-container elementor-column-gap-default\">\n\t\t\t\t\t<div class=\"elementor-column elementor-col-100 elementor-top-column elementor-element elementor-element-1aadf50d\" data-id=\"1aadf50d\" data-element_type=\"column\">\n\t\t\t<div class=\"elementor-widget-wrap elementor-element-populated\">\n\t\t\t\t\t\t<section class=\"elementor-section elementor-inner-section elementor-element elementor-element-7fee52b8 elementor-section-boxed elementor-section-height-default elementor-section-height-default\" data-id=\"7fee52b8\" data-element_type=\"section\">\n\t\t\t\t\t\t<div class=\"elementor-container elementor-column-gap-default\">\n\t\t\t\t\t<div class=\"elementor-column elementor-col-25 elementor-inner-column elementor-element elementor-element-5f1aff28\" data-id=\"5f1aff28\" data-element_type=\"column\">\n\t\t\t<div class=\"elementor-widget-wrap elementor-element-populated\">\n\t\t\t\t\t\t<div class=\"elementor-element elementor-element-5c91b1c8 elementor-widget elementor-widget-text-editor\" data-id=\"5c91b1c8\" data-element_type=\"widget\" data-widget_type=\"text-editor.default\">\n\t\t\t\t<div class=\"elementor-widget-container\">\n\t\t\t\t\t\t\t\t\t<p><span style=\"color: #e2e5c2;\">Visit<\/span><br \/><span style=\"color: #ffffff;\"><a style=\"color: #ffffff;\" href=\"https:\/\/goo.gl\/maps\/sJ8J5pbB6ugqJNtn8\" target=\"_blank\" rel=\"noopener\">Engelbrektsplan 2, 5 tr<\/a><\/span><\/p><p><span style=\"color: #e2e5c2;\">Mail<\/span><br \/>Box 3104<br \/>103 62 Stockholm<\/p>\t\t\t\t\t\t\t\t<\/div>\n\t\t\t\t<\/div>\n\t\t\t\t\t<\/div>\n\t\t<\/div>\n\t\t\t\t<div class=\"elementor-column elementor-col-25 elementor-inner-column elementor-element elementor-element-751752f0\" data-id=\"751752f0\" data-element_type=\"column\">\n\t\t\t<div class=\"elementor-widget-wrap elementor-element-populated\">\n\t\t\t\t\t\t<div class=\"elementor-element elementor-element-47709669 elementor-widget elementor-widget-text-editor\" data-id=\"47709669\" data-element_type=\"widget\" data-widget_type=\"text-editor.default\">\n\t\t\t\t<div class=\"elementor-widget-container\">\n\t\t\t\t\t\t\t\t\t<p><span style=\"color: #e2e5c2;\">Phone<\/span><br \/><span style=\"color: #ffffff;\"><a style=\"color: #ffffff;\" href=\"tel:+46 86 11 38 30\">+46 86 11 38 30<\/a><\/span><br \/><br \/><span style=\"color: #e2e5c2;\">Inquiries<\/span><br \/>E-mail: <span style=\"text-decoration: underline;\"><span style=\"color: #ffffff;\"><a style=\"color: #ffffff; text-decoration: underline;\" href=\"mailto:info@vero.se\">info@vero.se<\/a><\/span><\/span><\/p>\t\t\t\t\t\t\t\t<\/div>\n\t\t\t\t<\/div>\n\t\t\t\t\t<\/div>\n\t\t<\/div>\n\t\t\t\t<div class=\"elementor-column elementor-col-25 elementor-inner-column elementor-element elementor-element-5fcafc24\" data-id=\"5fcafc24\" data-element_type=\"column\">\n\t\t\t<div class=\"elementor-widget-wrap elementor-element-populated\">\n\t\t\t\t\t\t<div class=\"elementor-element elementor-element-98c6504 elementor-widget elementor-widget-text-editor\" data-id=\"98c6504\" data-element_type=\"widget\" data-widget_type=\"text-editor.default\">\n\t\t\t\t<div class=\"elementor-widget-container\">\n\t\t\t\t\t\t\t\t\t<p><span style=\"color: #e2e5c2;\">Follow us<\/span><br \/><img decoding=\"async\" class=\"alignnone wp-image-737 lazyload\" data-src=\"https:\/\/vero.se\/wp-content\/uploads\/2019\/10\/Linkedinlogo-300x300.png\" alt=\"\" width=\"13\" height=\"13\" data-srcset=\"https:\/\/vero.se\/wp-content\/uploads\/2019\/10\/Linkedinlogo-300x300.png 300w, https:\/\/vero.se\/wp-content\/uploads\/2019\/10\/Linkedinlogo-150x150.png 150w, https:\/\/vero.se\/wp-content\/uploads\/2019\/10\/Linkedinlogo-768x768.png 768w, https:\/\/vero.se\/wp-content\/uploads\/2019\/10\/Linkedinlogo-1024x1024.png 1024w, https:\/\/vero.se\/wp-content\/uploads\/2019\/10\/Linkedinlogo.png 1080w\" data-sizes=\"(max-width: 13px) 100vw, 13px\" src=\"data:image\/svg+xml;base64,PHN2ZyB3aWR0aD0iMSIgaGVpZ2h0PSIxIiB4bWxucz0iaHR0cDovL3d3dy53My5vcmcvMjAwMC9zdmciPjwvc3ZnPg==\" style=\"--smush-placeholder-width: 13px; --smush-placeholder-aspect-ratio: 13\/13;\" \/><\/p>\t\t\t\t\t\t\t\t<\/div>\n\t\t\t\t<\/div>\n\t\t\t\t\t<\/div>\n\t\t<\/div>\n\t\t\t\t<div class=\"elementor-column elementor-col-25 elementor-inner-column elementor-element elementor-element-1f2cfd5d\" data-id=\"1f2cfd5d\" data-element_type=\"column\">\n\t\t\t<div class=\"elementor-widget-wrap\">\n\t\t\t\t\t\t\t<\/div>\n\t\t<\/div>\n\t\t\t\t\t<\/div>\n\t\t<\/section>\n\t\t\t\t<section class=\"elementor-section elementor-inner-section elementor-element elementor-element-47cc77d4 elementor-section-content-bottom elementor-section-boxed elementor-section-height-default elementor-section-height-default\" data-id=\"47cc77d4\" data-element_type=\"section\">\n\t\t\t\t\t\t<div class=\"elementor-container elementor-column-gap-default\">\n\t\t\t\t\t<div class=\"elementor-column elementor-col-25 elementor-inner-column elementor-element elementor-element-71a11bfa\" data-id=\"71a11bfa\" data-element_type=\"column\">\n\t\t\t<div class=\"elementor-widget-wrap elementor-element-populated\">\n\t\t\t\t\t\t<div class=\"elementor-element elementor-element-75212c55 elementor-widget elementor-widget-image\" data-id=\"75212c55\" data-element_type=\"widget\" data-widget_type=\"image.default\">\n\t\t\t\t<div class=\"elementor-widget-container\">\n\t\t\t\t\t\t\t\t\t\t\t\t\t\t\t<img decoding=\"async\" width=\"600\" height=\"600\" data-src=\"https:\/\/vero.se\/wp-content\/uploads\/2019\/09\/Vero_ma\u0308rke_RGB-e1585129348924.png\" class=\"attachment-full size-full wp-image-136 lazyload\" alt=\"Vero Kommunikations logotyp\" src=\"data:image\/svg+xml;base64,PHN2ZyB3aWR0aD0iMSIgaGVpZ2h0PSIxIiB4bWxucz0iaHR0cDovL3d3dy53My5vcmcvMjAwMC9zdmciPjwvc3ZnPg==\" style=\"--smush-placeholder-width: 600px; --smush-placeholder-aspect-ratio: 600\/600;\" \/>\t\t\t\t\t\t\t\t\t\t\t\t\t\t\t<\/div>\n\t\t\t\t<\/div>\n\t\t\t\t\t<\/div>\n\t\t<\/div>\n\t\t\t\t<div class=\"elementor-column elementor-col-25 elementor-inner-column elementor-element elementor-element-70abc844\" data-id=\"70abc844\" data-element_type=\"column\">\n\t\t\t<div class=\"elementor-widget-wrap elementor-element-populated\">\n\t\t\t\t\t\t<div class=\"elementor-element elementor-element-38675ade elementor-widget elementor-widget-text-editor\" data-id=\"38675ade\" data-element_type=\"widget\" data-widget_type=\"text-editor.default\">\n\t\t\t\t<div class=\"elementor-widget-container\">\n\t\t\t\t\t\t\t\t\t\u00a9 2019 Vero Kommunikation\t\t\t\t\t\t\t\t<\/div>\n\t\t\t\t<\/div>\n\t\t\t\t\t<\/div>\n\t\t<\/div>\n\t\t\t\t<div class=\"elementor-column elementor-col-25 elementor-inner-column elementor-element elementor-element-1dd7dd5c\" data-id=\"1dd7dd5c\" data-element_type=\"column\">\n\t\t\t<div class=\"elementor-widget-wrap\">\n\t\t\t\t\t\t\t<\/div>\n\t\t<\/div>\n\t\t\t\t<div class=\"elementor-column elementor-col-25 elementor-inner-column elementor-element elementor-element-647d4e49\" data-id=\"647d4e49\" data-element_type=\"column\">\n\t\t\t<div class=\"elementor-widget-wrap\">\n\t\t\t\t\t\t\t<\/div>\n\t\t<\/div>\n\t\t\t\t\t<\/div>\n\t\t<\/section>\n\t\t\t\t\t<\/div>\n\t\t<\/div>\n\t\t\t\t\t<\/div>\n\t\t<\/footer>\n\t\t\t\t<\/div>","protected":false},"excerpt":{"rendered":"<p>Det verkar som att n\u00e5got gick snett, vi misst\u00e4nker att duletade efter&#8230; Kontakt Bes\u00f6kEngelbrektsplan 2, 5 tr PostBox 3104103 62 Stockholm Telefon08-611 38 30 F\u00f6rfr\u00e5gningarE-post: info@vero.se F\u00f6lj oss \u00a9 2019 Vero Kommunikation<\/p>","protected":false},"author":1,"featured_media":0,"parent":0,"menu_order":0,"comment_status":"closed","ping_status":"closed","template":"elementor_canvas","meta":{"site-sidebar-layout":"no-sidebar","site-content-layout":"page-builder","ast-site-content-layout":"default","site-content-style":"default","site-sidebar-style":"default","ast-global-header-display":"","ast-banner-title-visibility":"","ast-main-header-display":"","ast-hfb-above-header-display":"","ast-hfb-below-header-display":"","ast-hfb-mobile-header-display":"","site-post-title":"disabled","ast-breadcrumbs-content":"","ast-featured-img":"disabled","footer-sml-layout":"","theme-transparent-header-meta":"default","adv-header-id-meta":"","stick-header-meta":"","header-above-stick-meta":"","header-main-stick-meta":"","header-below-stick-meta":"","astra-migrate-meta-layouts":"default","ast-page-background-enabled":"default","ast-page-background-meta":{"desktop":{"background-color":"","background-image":"","background-repeat":"repeat","background-position":"center center","background-size":"auto","background-attachment":"scroll","background-type":"","background-media":"","overlay-type":"","overlay-color":"","overlay-opacity":"","overlay-gradient":""},"tablet":{"background-color":"","background-image":"","background-repeat":"repeat","background-position":"center center","background-size":"auto","background-attachment":"scroll","background-type":"","background-media":"","overlay-type":"","overlay-color":"","overlay-opacity":"","overlay-gradient":""},"mobile":{"background-color":"","background-image":"","background-repeat":"repeat","background-position":"center center","background-size":"auto","background-attachment":"scroll","background-type":"","background-media":"","overlay-type":"","overlay-color":"","overlay-opacity":"","overlay-gradient":""}},"ast-content-background-meta":{"desktop":{"background-color":"var(--ast-global-color-5)","background-image":"","background-repeat":"repeat","background-position":"center center","background-size":"auto","background-attachment":"scroll","background-type":"","background-media":"","overlay-type":"","overlay-color":"","overlay-opacity":"","overlay-gradient":""},"tablet":{"background-color":"var(--ast-global-color-5)","background-image":"","background-repeat":"repeat","background-position":"center center","background-size":"auto","background-attachment":"scroll","background-type":"","background-media":"","overlay-type":"","overlay-color":"","overlay-opacity":"","overlay-gradient":""},"mobile":{"background-color":"var(--ast-global-color-5)","background-image":"","background-repeat":"repeat","background-position":"center center","background-size":"auto","background-attachment":"scroll","background-type":"","background-media":"","overlay-type":"","overlay-color":"","overlay-opacity":"","overlay-gradient":""}},"footnotes":""},"class_list":["post-1407","page","type-page","status-publish","hentry"],"yoast_head":"<!-- This site is optimized with the Yoast SEO plugin v26.7 - https:\/\/yoast.com\/wordpress\/plugins\/seo\/ -->\n<title>Kontakt - Kommunikationsbyr\u00e5 Stockholm | Vero Kommunikation AB<\/title>\n<meta name=\"robots\" content=\"index, follow, max-snippet:-1, max-image-preview:large, max-video-preview:-1\" \/>\n<link rel=\"canonical\" href=\"https:\/\/vero.se\/en\/kontakt\/\" \/>\n<meta property=\"og:locale\" content=\"en_GB\" \/>\n<meta property=\"og:type\" content=\"article\" \/>\n<meta property=\"og:title\" content=\"Kontakt - Kommunikationsbyr\u00e5 Stockholm | Vero Kommunikation AB\" \/>\n<meta property=\"og:description\" content=\"Det verkar som att n\u00e5got gick snett, vi misst\u00e4nker att duletade efter&#8230; Kontakt Bes\u00f6kEngelbrektsplan 2, 5 tr PostBox 3104103 62 Stockholm Telefon08-611 38 30 F\u00f6rfr\u00e5gningarE-post: info@vero.se F\u00f6lj oss \u00a9 2019 Vero Kommunikation\" \/>\n<meta property=\"og:url\" content=\"https:\/\/vero.se\/en\/kontakt\/\" \/>\n<meta property=\"og:site_name\" content=\"Kommunikationsbyr\u00e5 Stockholm | Vero Kommunikation AB\" \/>\n<meta property=\"article:modified_time\" content=\"2020-09-17T14:04:40+00:00\" \/>\n<meta property=\"og:image\" content=\"https:\/\/vero.se\/wp-content\/uploads\/2019\/09\/Vero_logotyp_vit.png\" \/>\n<meta name=\"twitter:card\" content=\"summary_large_image\" \/>\n<script type=\"application\/ld+json\" class=\"yoast-schema-graph\">{\"@context\":\"https:\/\/schema.org\",\"@graph\":[{\"@type\":\"WebPage\",\"@id\":\"https:\/\/vero.se\/kontakt\/\",\"url\":\"https:\/\/vero.se\/kontakt\/\",\"name\":\"Kontakt - Kommunikationsbyr\u00e5 Stockholm | Vero Kommunikation AB\",\"isPartOf\":{\"@id\":\"https:\/\/vero.se\/#website\"},\"primaryImageOfPage\":{\"@id\":\"https:\/\/vero.se\/kontakt\/#primaryimage\"},\"image\":{\"@id\":\"https:\/\/vero.se\/kontakt\/#primaryimage\"},\"thumbnailUrl\":\"https:\/\/vero.se\/wp-content\/uploads\/2019\/09\/Vero_logotyp_vit.png\",\"datePublished\":\"2019-10-31T10:32:43+00:00\",\"dateModified\":\"2020-09-17T14:04:40+00:00\",\"breadcrumb\":{\"@id\":\"https:\/\/vero.se\/kontakt\/#breadcrumb\"},\"inLanguage\":\"en-GB\",\"potentialAction\":[{\"@type\":\"ReadAction\",\"target\":[\"https:\/\/vero.se\/kontakt\/\"]}]},{\"@type\":\"ImageObject\",\"inLanguage\":\"en-GB\",\"@id\":\"https:\/\/vero.se\/kontakt\/#primaryimage\",\"url\":\"https:\/\/vero.se\/wp-content\/uploads\/2019\/09\/Vero_logotyp_vit.png\",\"contentUrl\":\"https:\/\/vero.se\/wp-content\/uploads\/2019\/09\/Vero_logotyp_vit.png\"},{\"@type\":\"BreadcrumbList\",\"@id\":\"https:\/\/vero.se\/kontakt\/#breadcrumb\",\"itemListElement\":[{\"@type\":\"ListItem\",\"position\":1,\"name\":\"Hem\",\"item\":\"https:\/\/vero.se\/\"},{\"@type\":\"ListItem\",\"position\":2,\"name\":\"Kontakt\"}]},{\"@type\":\"WebSite\",\"@id\":\"https:\/\/vero.se\/#website\",\"url\":\"https:\/\/vero.se\/\",\"name\":\"Kommunikationsbyr\u00e5 Stockholm | Vero Kommunikation AB\",\"description\":\"\",\"publisher\":{\"@id\":\"https:\/\/vero.se\/#organization\"},\"potentialAction\":[{\"@type\":\"SearchAction\",\"target\":{\"@type\":\"EntryPoint\",\"urlTemplate\":\"https:\/\/vero.se\/?s={search_term_string}\"},\"query-input\":{\"@type\":\"PropertyValueSpecification\",\"valueRequired\":true,\"valueName\":\"search_term_string\"}}],\"inLanguage\":\"en-GB\"},{\"@type\":\"Organization\",\"@id\":\"https:\/\/vero.se\/#organization\",\"name\":\"Vero Kommunikation AB\",\"url\":\"https:\/\/vero.se\/\",\"logo\":{\"@type\":\"ImageObject\",\"inLanguage\":\"en-GB\",\"@id\":\"https:\/\/vero.se\/#\/schema\/logo\/image\/\",\"url\":\"https:\/\/vero.se\/wp-content\/uploads\/2019\/11\/logo2.png\",\"contentUrl\":\"https:\/\/vero.se\/wp-content\/uploads\/2019\/11\/logo2.png\",\"width\":779,\"height\":589,\"caption\":\"Vero Kommunikation AB\"},\"image\":{\"@id\":\"https:\/\/vero.se\/#\/schema\/logo\/image\/\"}}]}<\/script>\n<!-- \/ Yoast SEO plugin. -->","yoast_head_json":{"title":"Kontakt - Kommunikationsbyr\u00e5 Stockholm | Vero Kommunikation AB","robots":{"index":"index","follow":"follow","max-snippet":"max-snippet:-1","max-image-preview":"max-image-preview:large","max-video-preview":"max-video-preview:-1"},"canonical":"https:\/\/vero.se\/en\/kontakt\/","og_locale":"en_GB","og_type":"article","og_title":"Kontakt - Kommunikationsbyr\u00e5 Stockholm | Vero Kommunikation AB","og_description":"Det verkar som att n\u00e5got gick snett, vi misst\u00e4nker att duletade efter&#8230; Kontakt Bes\u00f6kEngelbrektsplan 2, 5 tr PostBox 3104103 62 Stockholm Telefon08-611 38 30 F\u00f6rfr\u00e5gningarE-post: info@vero.se F\u00f6lj oss \u00a9 2019 Vero Kommunikation","og_url":"https:\/\/vero.se\/en\/kontakt\/","og_site_name":"Kommunikationsbyr\u00e5 Stockholm | Vero Kommunikation AB","article_modified_time":"2020-09-17T14:04:40+00:00","og_image":[{"url":"https:\/\/vero.se\/wp-content\/uploads\/2019\/09\/Vero_logotyp_vit.png","type":"","width":"","height":""}],"twitter_card":"summary_large_image","schema":{"@context":"https:\/\/schema.org","@graph":[{"@type":"WebPage","@id":"https:\/\/vero.se\/kontakt\/","url":"https:\/\/vero.se\/kontakt\/","name":"Kontakt - Kommunikationsbyr\u00e5 Stockholm | Vero Kommunikation AB","isPartOf":{"@id":"https:\/\/vero.se\/#website"},"primaryImageOfPage":{"@id":"https:\/\/vero.se\/kontakt\/#primaryimage"},"image":{"@id":"https:\/\/vero.se\/kontakt\/#primaryimage"},"thumbnailUrl":"https:\/\/vero.se\/wp-content\/uploads\/2019\/09\/Vero_logotyp_vit.png","datePublished":"2019-10-31T10:32:43+00:00","dateModified":"2020-09-17T14:04:40+00:00","breadcrumb":{"@id":"https:\/\/vero.se\/kontakt\/#breadcrumb"},"inLanguage":"en-GB","potentialAction":[{"@type":"ReadAction","target":["https:\/\/vero.se\/kontakt\/"]}]},{"@type":"ImageObject","inLanguage":"en-GB","@id":"https:\/\/vero.se\/kontakt\/#primaryimage","url":"https:\/\/vero.se\/wp-content\/uploads\/2019\/09\/Vero_logotyp_vit.png","contentUrl":"https:\/\/vero.se\/wp-content\/uploads\/2019\/09\/Vero_logotyp_vit.png"},{"@type":"BreadcrumbList","@id":"https:\/\/vero.se\/kontakt\/#breadcrumb","itemListElement":[{"@type":"ListItem","position":1,"name":"Hem","item":"https:\/\/vero.se\/"},{"@type":"ListItem","position":2,"name":"Kontakt"}]},{"@type":"WebSite","@id":"https:\/\/vero.se\/#website","url":"https:\/\/vero.se\/","name":"Kommunikationsbyr\u00e5 Stockholm | Vero Kommunikation AB","description":"","publisher":{"@id":"https:\/\/vero.se\/#organization"},"potentialAction":[{"@type":"SearchAction","target":{"@type":"EntryPoint","urlTemplate":"https:\/\/vero.se\/?s={search_term_string}"},"query-input":{"@type":"PropertyValueSpecification","valueRequired":true,"valueName":"search_term_string"}}],"inLanguage":"en-GB"},{"@type":"Organization","@id":"https:\/\/vero.se\/#organization","name":"Vero Kommunikation AB","url":"https:\/\/vero.se\/","logo":{"@type":"ImageObject","inLanguage":"en-GB","@id":"https:\/\/vero.se\/#\/schema\/logo\/image\/","url":"https:\/\/vero.se\/wp-content\/uploads\/2019\/11\/logo2.png","contentUrl":"https:\/\/vero.se\/wp-content\/uploads\/2019\/11\/logo2.png","width":779,"height":589,"caption":"Vero Kommunikation AB"},"image":{"@id":"https:\/\/vero.se\/#\/schema\/logo\/image\/"}}]}},"_links":{"self":[{"href":"https:\/\/vero.se\/en\/wp-json\/wp\/v2\/pages\/1407","targetHints":{"allow":["GET"]}}],"collection":[{"href":"https:\/\/vero.se\/en\/wp-json\/wp\/v2\/pages"}],"about":[{"href":"https:\/\/vero.se\/en\/wp-json\/wp\/v2\/types\/page"}],"author":[{"embeddable":true,"href":"https:\/\/vero.se\/en\/wp-json\/wp\/v2\/users\/1"}],"replies":[{"embeddable":true,"href":"https:\/\/vero.se\/en\/wp-json\/wp\/v2\/comments?post=1407"}],"version-history":[{"count":8,"href":"https:\/\/vero.se\/en\/wp-json\/wp\/v2\/pages\/1407\/revisions"}],"predecessor-version":[{"id":1416,"href":"https:\/\/vero.se\/en\/wp-json\/wp\/v2\/pages\/1407\/revisions\/1416"}],"wp:attachment":[{"href":"https:\/\/vero.se\/en\/wp-json\/wp\/v2\/media?parent=1407"}],"curies":[{"name":"wp","href":"https:\/\/api.w.org\/{rel}","templated":true}]}}